{"id":3,"date":"2026-04-09T08:59:37","date_gmt":"2026-04-09T08:59:37","guid":{"rendered":"https:\/\/aiutodgtale.online\/?page_id=3"},"modified":"2026-04-10T09:32:36","modified_gmt":"2026-04-10T09:32:36","slug":"privacy-policy","status":"publish","type":"page","link":"https:\/\/aiutodgtale.online\/?page_id=3","title":{"rendered":"Privacy Policy"},"content":{"rendered":"\n<p><strong>INFORMATIVA PER IL TRATTAMENTO DEI DATI PERSONALI<\/strong><br>ai sensi dell\u2019art. 13 Reg. (UE) 679\/2016 (GDPR)<\/p>\n\n\n\n<p>La Genesi s.r.l.u., con sede legale e operativa in via Marco Polo, 139 \u2013 55049 Viareggio (LU) , tel. n. 3356248729, Partita IVA\/C.F. n. 01043860467, email: info@genesi-srl.com, in qualit\u00e0 di soggetto giuridico Titolare del trattamento, La informa, ai sensi dell\u2019art. 13 Regolamento (UE) n. 679\/2016 (in seguito, \u201cGDPR\u201d), che i Suoi dati saranno trattati con le modalit\u00e0 e per le finalit\u00e0 seguenti:<\/p>\n\n\n\n<p><strong>1.&nbsp;<\/strong><strong>OGGETTO DEL TRATTAMENTO<\/strong><\/p>\n\n\n\n<p>Il Titolare tratta dati personali identificativi di tipo&nbsp;<strong>anagrafico<\/strong>&nbsp;(ad es. nome, cognome, ragione sociale, indirizzo, telefono, email, codice fiscale, indirizzo di residenza e domicilio, riferimenti documento di identit\u00e0, foto personale), dati di tipo&nbsp;<strong>finanziario<\/strong>&nbsp;(indirizzo del wallet digitale sul quale verranno effettuati gli accrediti in criptovaluta), dati di&nbsp;<strong>geolocalizzazione<\/strong>&nbsp;(ad es. coordinate GPS e attivit\u00e0 svolte dall\u2019hotspot sulla Blockchain come PoC \u2013 Proof of Converage, Witnesses, Consensus Group, Network Data Transfer, ecc.) e, infine, dati comunicati nell\u2019eventuale ricezione di&nbsp;<strong>curriculum<\/strong>&nbsp;vitae.<\/p>\n\n\n\n<p>Per quanto inerente alle disposizioni relative ai Cookie, La invitiamo alla lettura della specifica Cookie Policy linkata in calce al nostro sito web aziendale www.genesi-srl.com.<\/p>\n\n\n\n<p><strong>2.&nbsp;<\/strong><strong>FINALITA\u2019 DEL TRATTAMENTO<\/strong><\/p>\n\n\n\n<p><strong>A) Per le seguenti Finalit\u00e0 di Servizio<\/strong>:<\/p>\n\n\n\n<ol style=\"list-style-type:lower-roman\" class=\"wp-block-list\">\n<li><strong>elaborare<\/strong>\u00a0preventivi in relazione ai Servizi del Titolare;<\/li>\n\n\n\n<li><strong>avviare<\/strong>\u00a0contatti telefonici e\/o via email finalizzati alla eventuale conclusione di rapporti contrattuali e\/o collaborativi con la Genesi s.r.l.u. nell\u2019ambito dei prodotti e servizi da questa offerti e per i quali \u00e8 stata contattata tramite telefono, email o form di contatto presente sul sito web genesi-srl.com e finalit\u00e0 strettamente connesse e strumentali alla gestione del suddetto rapporto (ad es. acquisizione di informazioni precontrattuali per dare esecuzione ai servizi richiesti).<\/li>\n\n\n\n<li><strong>concludere<\/strong>\u00a0contratti per i Servizi del Titolare;<\/li>\n\n\n\n<li><strong>adempiere<\/strong>\u00a0agli obblighi precontrattuali, contrattuali e fiscali derivanti da rapporti con Lei in essere;<\/li>\n\n\n\n<li><strong>visionare<\/strong>\u00a0curriculum vitae spontaneamente inviati al fine di selezionare figure professionali per l\u2019avvio di rapporti di lavoro e\/o di tipo collaborativo;<\/li>\n\n\n\n<li><strong>adempiere<\/strong>\u00a0agli obblighi previsti dalla legge, da un regolamento, dalla normativa comunitaria o da un ordine delle Autorit\u00e0 (come, ad esempio, in materia di antiriciclaggio) o Organi di vigilanza;<\/li>\n\n\n\n<li><strong>esercitare<\/strong>\u00a0i diritti del Titolare, ad esempio, i diritto di difesa in giudizio.<\/li>\n<\/ol>\n\n\n\n<p><strong>B)<\/strong>&nbsp;<strong>Solo previo Suo specifico e distinto consenso, per le seguenti Finalit\u00e0 di Marketing<\/strong>:<\/p>\n\n\n\n<ol style=\"list-style-type:lower-roman\" class=\"wp-block-list\">\n<li><strong>marketing diretto<\/strong>: inviarLe, via email e\/o telefono, comunicazioni commerciali e\/o materiale pubblicitario sui servizi offerti dal Titolare.<\/li>\n<\/ol>\n\n\n\n<p>Il conferimento dei dati per le finalit\u00e0 di cui alla lettera A) \u00e8 obbligatorio per usufruire dei servizi del Titolare e trova le sue basi legali di trattamento nella gestione dei rapporti contrattuali o precontrattuali, o nella gestione di obblighi di natura legale.<\/p>\n\n\n\n<p>Il conferimento dei dati per le finalit\u00e0 di cui alla lettera B) non \u00e8 obbligatorio per usufruire dei servizi del Titolare e trova la sua base legali di trattamento nel Consenso libero ed informato spontaneamente conferito dall\u2019interessato.<\/p>\n\n\n\n<p><strong>3.&nbsp;<\/strong><strong>MODALITA\u2019 DEL TRATTAMENTO<\/strong><\/p>\n\n\n\n<p>Il trattamento dei Suoi dati personali \u00e8 realizzato per mezzo delle seguenti&nbsp;<strong>operazioni<\/strong>: raccolta, registrazione, organizzazione, conservazione, consultazione, elaborazione, modificazione, selezione, estrazione, raffronto, utilizzo, interconnessione, blocco, comunicazione, cancellazione e distruzione dei medesimi.<br>In relazione alle indicate finalit\u00e0, i dati da Lei forniti per mezzo di supporti cartacei e\/o telefonicamente e\/o telematicamente (anche mediante la compilazione dei moduli\/form predisposti nel dominio genesi-srl.com), saranno oggetto&nbsp;<strong>di trattamento sia cartaceo che elettronico e\/o automatizzato<\/strong>. Il trattamento dei dati avverr\u00e0 sempre in modo da garantirne&nbsp;<strong>la sicurezza logica e fisica&nbsp;<\/strong>e la&nbsp;<strong>riservatezza<\/strong>.<\/p>\n\n\n\n<p><strong>4.&nbsp;<\/strong><strong>DURATA DEL TRATTAMENTO<\/strong><\/p>\n\n\n\n<p>I dati personali raccolti in occasione della&nbsp;<strong>stipula di contratti o l\u2019avvio di rapporti di servizio<\/strong>&nbsp;con i clienti, saranno conservati per il tempo necessario per adempiere le finalit\u00e0 relative e, comunque, per un tempo non superiore alle tempistiche connesse agli obblighi legali di conservazione delle scritture contabili (attualmente stabiliti in n. 10 anni).<\/p>\n\n\n\n<p>I dati personali raccolti per&nbsp;<strong>finalit\u00e0 di marketing<\/strong>, saranno trattati per non oltre 2 anni dalla raccolta.<\/p>\n\n\n\n<p>I dati personali raccolti e trattati ai fini di&nbsp;<strong>elaborare preventivi, offerte o proposte commerciali&nbsp;<\/strong>che non abbiano condotto all\u2019instaurazione di un rapporto contrattuale o di servizio, saranno conservati per un periodo max di 12 mesi dall\u2019invio dell\u2019ultima proposta o revisione dell\u2019offerta.<\/p>\n\n\n\n<p>I&nbsp;<strong>curriculum vitae<\/strong>&nbsp;ricevuti sono conservati solo per il tempo strettamente necessario all\u2019espletazione delle eventuali procedure di valutazione dell\u2019avvio di rapporti di lavoro o collaborativi. I CV spontaneamente ricevuti in periodi nei quali non siano aperte procedure di selezione, non verranno ne\u2019 visionati, ne\u2019 archiviati, ne\u2019 conservati in alcun modo ma cancellati o distrutti immediatamente dopo la loro ricezione.<\/p>\n\n\n\n<p><strong>5.&nbsp;<\/strong><strong>ACCESSO AI DATI<\/strong><\/p>\n\n\n\n<p>I Suoi dati potranno essere resi accessibili per le finalit\u00e0 di cui al punto 2.A):<\/p>\n\n\n\n<p>\u2013&nbsp;a&nbsp;<strong>collaboratori<\/strong>&nbsp;del Titolare nella loro qualit\u00e0 di&nbsp;<strong>incaricati<\/strong>&nbsp;del trattamento;<br>\u2013&nbsp;<strong>a societ\u00e0 terze o altri soggetti<\/strong>&nbsp;che svolgano attivit\u00e0 in outsourcing per conto del Titolare, nella loro qualit\u00e0 di&nbsp;<strong>responsabili esterni<\/strong>&nbsp;del trattamento.<\/p>\n\n\n\n<p>I dati eventualmente raccolti per finalit\u00e0 di marketing \u2013 punto 2.B), non saranno resi accessibili a terzi.<\/p>\n\n\n\n<p><strong>6.&nbsp;<\/strong><strong>COMUNICAZIONE DEI DATI<\/strong><\/p>\n\n\n\n<p>I Suoi dati&nbsp;<strong>non saranno oggetto di diffusione<\/strong>.<\/p>\n\n\n\n<p>Senza la necessit\u00e0 di un espresso consenso (ex art. 6 lett. b) e c) GDPR), il Titolare potr\u00e0 comunicare i Suoi dati per le finalit\u00e0 di cui all\u2019art. 2. A) a Organismi di Vigilanza, Autorit\u00e0 giudiziarie, nonch\u00e9, a quei soggetti ai quali la comunicazione sia obbligatoria per legge per l\u2019espletamento delle finalit\u00e0 dette.<\/p>\n\n\n\n<p>Il dominio genesi-srl.com contiene&nbsp;<strong>collegamenti ipertestuali&nbsp;<\/strong>che non costituiscono comunicazione ad altri domini. La Genesi s.r.l.u. non \u00e8 responsabile per eventuali violazioni della privacy effettuate in Suo danno da tali siti esterni.<\/p>\n\n\n\n<p>I dati personali sono conservati su supporto elettronici presso la&nbsp;<strong>sede legale&nbsp;<\/strong>del Titolare situata in via Marco Polo, 139 \u2013 55049 Viareggio (LU) e presso la&nbsp;<strong>sede operativa<\/strong>&nbsp;situata in Galleria Direzionale Vasari \u2013 via Lucchese, 84\/c \u2013 50019 Sesto Fiorentino (FI). I dati personali raccolti attraverso il sito genesi-srl.com sono altres\u00ec conservati presso server collocato su territorio europeo di&nbsp;<strong>hosting provider nazionale<\/strong>&nbsp;(Host S.p.A. \u2013 www.vianova.it\/gdpr).<\/p>\n\n\n\n<p><strong>Non si trasferiscono dati personali in Paesi extra-UE<\/strong>.<\/p>\n\n\n\n<p><strong>7.&nbsp;<\/strong><strong>NATURA DEL CONFERIMENTO DEI DATI E CONSEGUENZE DEL RIFIUTO A RISPONDERE<\/strong><\/p>\n\n\n\n<p>Il conferimento dei dati per le&nbsp;<strong>finalit\u00e0 di servizio<\/strong>&nbsp;di cui all\u2019<strong>art. 2. A)&nbsp;<\/strong>\u00e8 obbligatorio. In loro assenza, non potremo garantirLe i Servizi dell\u2019art. 2. A).<\/p>\n\n\n\n<p>Il conferimento dei dati per le&nbsp;<strong>finalit\u00e0 di marketing<\/strong>&nbsp;di cui all\u2019<strong>art. 2. B)&nbsp;<\/strong>\u00e8, invece, facoltativo. Pu\u00f2, pertanto, decidere di non conferire alcun dato o di negare, successivamente, la possibilit\u00e0 di trattare dati gi\u00e0 forniti, nel qual caso, non potr\u00e0 ricevere newsletter, comunicazioni commerciali e materiale pubblicitario inerente ai Servizi offerti dal Titolare. Continuer\u00e0, comunque, ad avere diritto ai Servizi di cui all\u2019art. 2. A).<\/p>\n\n\n\n<p><strong>8. DIRITTI DELL\u2019INTERESSATO<\/strong><\/p>\n\n\n\n<p>Nella sua qualit\u00e0 di interessato, la informiamo che ha i diritti di cui agli art. 15 GDPR e, precisamente, i diritti di:<\/p>\n\n\n\n<p><strong>\u2013 ottenere<\/strong>&nbsp;la conferma dell\u2019esistenza o meno di dati personali che La riguardano, anche se non ancora registrati, e la loro comunicazione in forma intelligibile;<\/p>\n\n\n\n<p><strong>\u2013 ottenere<\/strong>&nbsp;l\u2019indicazione: a) dell\u2019origine dei dati personali; b) delle finalit\u00e0 e modalit\u00e0 del trattamento; c) della logica applicata in caso di trattamento effettuato con l\u2019ausilio di strumenti elettronici; d) degli estremi identificativi del titolare e degli eventuali responsabili;<\/p>\n\n\n\n<p><strong>\u2013 ottenere<\/strong>: a) l\u2019aggiornamento, la limitazione, la rettificazione, ovvero, quando vi ha interesse, l\u2019integrazione dei dati; b) la cancellazione, la trasformazione in forma anonima o il blocco dei dati trattati in violazione di legge, compresi quelli di cui non \u00e8 necessaria la conservazione in relazione agli scopi per i quali i dati sono stati raccolti o successivamente trattati; c) l\u2019attestazione che le operazioni di cui alle lettere a) e b) sono state portate a conoscenza, anche per quanto riguarda il loro contenuto, di coloro ai quali i dati sono stati comunicati o diffusi, eccettuato il caso in cui tale adempimento si rivela impossibile o comporta un impiego di mezzi manifestamente sproporzionato rispetto al diritto tutelato;<\/p>\n\n\n\n<p><strong>\u2013 ricevere<\/strong>, in un formato strutturato, di uso comune e leggibile da dispositivo automatico, i dati personali che la riguardano e di trasmettere tali dati a un altro titolare del trattamento senza impedimenti, qualora: a) il trattamento si basi sul consenso o su un contratto; b) il trattamento sia effettuato con mezzi automatizzati; c) sia tecnicamente fattibile;<\/p>\n\n\n\n<p><strong>\u2013 opporsi<\/strong>, in tutto o in parte: a) per motivi legittimi al trattamento dei dati personali che La riguardano, ancorch\u00e9 pertinenti allo scopo della raccolta; b) al trattamento di dati personali che La riguardano a fini di invio di materiale diverso da quanto necessario per l\u2019espletamento del servizio (es. pubblicitario o di vendita diretta o per il compimento di ricerche di mercato o di comunicazione commerciale, mediante l\u2019uso di sistemi automatizzati di chiamata senza l\u2019intervento di un operatore mediante e-mail e\/o mediante modalit\u00e0 di marketing tradizionali mediante telefono e\/o posta cartacea);<\/p>\n\n\n\n<p><strong>\u2013 proporre<\/strong>&nbsp;un reclamo al Garante per la protezione dei dati personali.<\/p>\n\n\n\n<p><strong>9.&nbsp;<\/strong><strong>MODALITA\u2019 DI ESERCIZIO DEI DIRITTI<\/strong><\/p>\n\n\n\n<p>Per esercitare i suoi diritti, inviando:<\/p>\n\n\n\n<p>\u2013 una&nbsp;<strong>raccomandata<\/strong>&nbsp;A\/R all\u2019indirizzo via Marco Polo, 139 \u2013 55049 Viareggio (LU);<br>\u2013&nbsp;un\u2019<strong>email<\/strong>&nbsp;all\u2019indirizzo email info@genesi-srl.com.<\/p>\n\n\n\n<p>Se ha domande o desidera semplicemente avere maggiori informazioni sul trattamento dei suoi dati personali, pu\u00f2 inviare una e-mail all\u2019indirizzo info@genesi-srl.com.<br>Prima che la Genesi s.r.l.u. possa fornirvi o modificare qualsiasi informazione, potrebbe essere necessario verificare la vostra identit\u00e0 e rispondere ad alcune domande. Una risposta sar\u00e0 fornita al pi\u00f9 presto e, comunque, non oltre 30gg dalla sua ricezione.<\/p>\n\n\n\n<p><strong>10.&nbsp;<\/strong><strong>TITOLARE, RESPONSABILI DEL TRATTAMENTO<\/strong><\/p>\n\n\n\n<p>Il Titolare del Trattamento \u00e8 la Genesi s.r.l.u., via Marco Polo, 139 \u2013 55049 Viareggio (LU) , Partita IVA n. 02600170464.<br>L\u2019elenco aggiornato degli eventuali responsabili e incaricati al trattamento \u00e8 custodito presso la sede legale del Titolare del trattamento. Per conoscere la lista aggiornata, \u00e8 possibile inviare, in qualunque momento, un\u2019email alla casella&nbsp;<a href=\"mailto:info@genesi-srl.com\">info@genesi-srl.com<\/a>&nbsp;clicca qui.<\/p>\n","protected":false},"excerpt":{"rendered":"<p>INFORMATIVA PER IL TRATTAMENTO DEI DATI PERSONALIai sensi dell\u2019art. 13 Reg. (UE) 679\/2016 (GDPR) La&hellip;<\/p>\n","protected":false},"author":1,"featured_media":0,"parent":0,"menu_order":0,"comment_status":"closed","ping_status":"open","template":"","meta":{"footnotes":""},"class_list":["post-3","page","type-page","status-publish","hentry"],"_links":{"self":[{"href":"https:\/\/aiutodgtale.online\/index.php?rest_route=\/wp\/v2\/pages\/3","targetHints":{"allow":["GET"]}}],"collection":[{"href":"https:\/\/aiutodgtale.online\/index.php?rest_route=\/wp\/v2\/pages"}],"about":[{"href":"https:\/\/aiutodgtale.online\/index.php?rest_route=\/wp\/v2\/types\/page"}],"author":[{"embeddable":true,"href":"https:\/\/aiutodgtale.online\/index.php?rest_route=\/wp\/v2\/users\/1"}],"replies":[{"embeddable":true,"href":"https:\/\/aiutodgtale.online\/index.php?rest_route=%2Fwp%2Fv2%2Fcomments&post=3"}],"version-history":[{"count":1,"href":"https:\/\/aiutodgtale.online\/index.php?rest_route=\/wp\/v2\/pages\/3\/revisions"}],"predecessor-version":[{"id":107,"href":"https:\/\/aiutodgtale.online\/index.php?rest_route=\/wp\/v2\/pages\/3\/revisions\/107"}],"wp:attachment":[{"href":"https:\/\/aiutodgtale.online\/index.php?rest_route=%2Fwp%2Fv2%2Fmedia&parent=3"}],"curies":[{"name":"wp","href":"https:\/\/api.w.org\/{rel}","templated":true}]}}